{"id":6205,"date":"2019-12-16T15:17:40","date_gmt":"2019-12-16T12:17:40","guid":{"rendered":"https:\/\/www.gekasmetal.gr\/wme?page_id=6205"},"modified":"2019-12-16T15:17:40","modified_gmt":"2019-12-16T12:17:40","slug":"anpassungsmoglichkeiten-fur-fahrbare-abfallbehalter-aus-metall-1100-770-660-l","status":"publish","type":"page","link":"https:\/\/www.gekasmetal.gr\/wme\/fahrbare-abfallbehalter-aus-metall\/anpassungsmoglichkeiten-fur-fahrbare-abfallbehalter-aus-metall-1100-770-660-l\/?lang=de","title":{"rendered":"Anpassungsm\u00f6glichkeiten f\u00fcr Metallbeh\u00e4lter f\u00fcr Abfall \/ M\u00fcll \/ Recycling 1100\/770\/660 L"},"content":{"rendered":"","protected":false},"excerpt":{"rendered":"","protected":false},"author":1,"featured_media":0,"parent":6095,"menu_order":1,"comment_status":"closed","ping_status":"closed","template":"","meta":[],"yoast_head":"<!-- This site is optimized with the Yoast SEO Premium plugin v15.3 - https:\/\/yoast.com\/wordpress\/plugins\/seo\/ -->\n<title>Anpassungsm\u00f6glichkeiten f\u00fcr Metallbeh\u00e4lter f\u00fcr Abfall \/ M\u00fcll \/ Recycling 1100\/770\/660 L | \u0393\u03ba\u03ad\u03ba\u03b1\u03c2 \u039c\u03ad\u03c4\u03b1\u03bb (GMG Waste Bins)<\/title>\n<meta name=\"description\" content=\"Anpassungsm\u00f6glichkeiten f\u00fcr Metallbeh\u00e4lter f\u00fcr Abfall \/ M\u00fcll \/ Recycling 1100\/770\/660 L von Gekas Metal. | Gekas Metal (GMG Waste Bins)\" \/>\n<meta name=\"robots\" content=\"index, follow, max-snippet:-1, max-image-preview:large, max-video-preview:-1\" \/>\n<link rel=\"canonical\" href=\"https:\/\/www.gekasmetal.gr\/wme\/fahrbare-abfallbehalter-aus-metall\/anpassungsmoglichkeiten-fur-fahrbare-abfallbehalter-aus-metall-1100-770-660-l\/\" \/>\n<meta property=\"og:locale\" content=\"el_GR\" \/>\n<meta property=\"og:type\" content=\"article\" \/>\n<meta property=\"og:title\" content=\"Anpassungsm\u00f6glichkeiten f\u00fcr Metallbeh\u00e4lter f\u00fcr Abfall \/ M\u00fcll \/ Recycling 1100\/770\/660 L | \u0393\u03ba\u03ad\u03ba\u03b1\u03c2 \u039c\u03ad\u03c4\u03b1\u03bb (GMG Waste Bins)\" \/>\n<meta property=\"og:description\" content=\"Anpassungsm\u00f6glichkeiten f\u00fcr Metallbeh\u00e4lter f\u00fcr Abfall \/ M\u00fcll \/ Recycling 1100\/770\/660 L von Gekas Metal. | Gekas Metal (GMG Waste Bins)\" \/>\n<meta property=\"og:url\" content=\"https:\/\/www.gekasmetal.gr\/wme\/fahrbare-abfallbehalter-aus-metall\/anpassungsmoglichkeiten-fur-fahrbare-abfallbehalter-aus-metall-1100-770-660-l\/?lang=de\" \/>\n<meta property=\"og:site_name\" content=\"GMG Waste Bins\" \/>\n<meta property=\"article:publisher\" content=\"https:\/\/www.facebook.com\/GekasMetal\" \/>\n<meta name=\"twitter:card\" content=\"summary\" \/>\n<meta name=\"twitter:label1\" content=\"Written by\">\n\t<meta name=\"twitter:data1\" content=\"bonneadmin\">\n<script type=\"application\/ld+json\" class=\"yoast-schema-graph\">{\"@context\":\"https:\/\/schema.org\",\"@graph\":[{\"@type\":\"Organization\",\"@id\":\"https:\/\/www.gekasmetal.gr\/wme\/#organization\",\"name\":\"Gekas Metal Group\",\"url\":\"https:\/\/www.gekasmetal.gr\/wme\/\",\"sameAs\":[\"https:\/\/www.facebook.com\/GekasMetal\"],\"logo\":{\"@type\":\"ImageObject\",\"@id\":\"https:\/\/www.gekasmetal.gr\/wme\/#logo\",\"inLanguage\":\"el\",\"url\":\"https:\/\/www.gekasmetal.gr\/wme\/wp-content\/uploads\/2019\/10\/logo_logo_with_icon.svg\",\"width\":160,\"height\":50,\"caption\":\"Gekas Metal Group\"},\"image\":{\"@id\":\"https:\/\/www.gekasmetal.gr\/wme\/#logo\"}},{\"@type\":\"WebSite\",\"@id\":\"https:\/\/www.gekasmetal.gr\/wme\/#website\",\"url\":\"https:\/\/www.gekasmetal.gr\/wme\/\",\"name\":\"GMG Waste Bins\",\"description\":\"\\u039c\\u03b5\\u03c4\\u03b1\\u03bb\\u03bb\\u03b9\\u03ba\\u03bf\\u03af \\u039a\\u03ac\\u03b4\\u03bf\\u03b9 \\u0391\\u03c0\\u03bf\\u03c1\\u03c1\\u03b9\\u03bc\\u03bc\\u03ac\\u03c4\\u03c9\\u03bd \\u03b1\\u03c0\\u03cc \\u03c4\\u03b7\\u03bd \\u0393\\u03ba\\u03ad\\u03ba\\u03b1\\u03c2 \\u039c\\u03ad\\u03c4\\u03b1\\u03bb (GMG)\",\"publisher\":{\"@id\":\"https:\/\/www.gekasmetal.gr\/wme\/#organization\"},\"potentialAction\":[{\"@type\":\"SearchAction\",\"target\":\"https:\/\/www.gekasmetal.gr\/wme\/?s={search_term_string}\",\"query-input\":\"required name=search_term_string\"}],\"inLanguage\":\"el\"},{\"@type\":\"WebPage\",\"@id\":\"https:\/\/www.gekasmetal.gr\/wme\/fahrbare-abfallbehalter-aus-metall\/anpassungsmoglichkeiten-fur-fahrbare-abfallbehalter-aus-metall-1100-770-660-l\/?lang=de#webpage\",\"url\":\"https:\/\/www.gekasmetal.gr\/wme\/fahrbare-abfallbehalter-aus-metall\/anpassungsmoglichkeiten-fur-fahrbare-abfallbehalter-aus-metall-1100-770-660-l\/?lang=de\",\"name\":\"Anpassungsm\\u00f6glichkeiten f\\u00fcr Metallbeh\\u00e4lter f\\u00fcr Abfall \/ M\\u00fcll \/ Recycling 1100\/770\/660 L | \\u0393\\u03ba\\u03ad\\u03ba\\u03b1\\u03c2 \\u039c\\u03ad\\u03c4\\u03b1\\u03bb (GMG Waste Bins)\",\"isPartOf\":{\"@id\":\"https:\/\/www.gekasmetal.gr\/wme\/#website\"},\"datePublished\":\"2019-12-16T12:17:40+00:00\",\"dateModified\":\"2019-12-16T12:17:40+00:00\",\"description\":\"Anpassungsm\\u00f6glichkeiten f\\u00fcr Metallbeh\\u00e4lter f\\u00fcr Abfall \/ M\\u00fcll \/ Recycling 1100\/770\/660 L von Gekas Metal. | Gekas Metal (GMG Waste Bins)\",\"breadcrumb\":{\"@id\":\"https:\/\/www.gekasmetal.gr\/wme\/fahrbare-abfallbehalter-aus-metall\/anpassungsmoglichkeiten-fur-fahrbare-abfallbehalter-aus-metall-1100-770-660-l\/?lang=de#breadcrumb\"},\"inLanguage\":\"el\",\"potentialAction\":[{\"@type\":\"ReadAction\",\"target\":[\"https:\/\/www.gekasmetal.gr\/wme\/fahrbare-abfallbehalter-aus-metall\/anpassungsmoglichkeiten-fur-fahrbare-abfallbehalter-aus-metall-1100-770-660-l\/?lang=de\"]}]},{\"@type\":\"BreadcrumbList\",\"@id\":\"https:\/\/www.gekasmetal.gr\/wme\/fahrbare-abfallbehalter-aus-metall\/anpassungsmoglichkeiten-fur-fahrbare-abfallbehalter-aus-metall-1100-770-660-l\/?lang=de#breadcrumb\",\"itemListElement\":[{\"@type\":\"ListItem\",\"position\":1,\"item\":{\"@type\":\"WebPage\",\"@id\":\"https:\/\/www.gekasmetal.gr\/wme\/\",\"url\":\"https:\/\/www.gekasmetal.gr\/wme\/\",\"name\":\"\\u0391\\u03c1\\u03c7\\u03b9\\u03ba\\u03ae\"}},{\"@type\":\"ListItem\",\"position\":2,\"item\":{\"@type\":\"WebPage\",\"@id\":\"https:\/\/www.gekasmetal.gr\/wme\/fahrbare-abfallbehalter-aus-metall\/?lang=de\",\"url\":\"https:\/\/www.gekasmetal.gr\/wme\/fahrbare-abfallbehalter-aus-metall\/?lang=de\",\"name\":\"Metallbeh\\u00e4lter f\\u00fcr Abfall\"}},{\"@type\":\"ListItem\",\"position\":3,\"item\":{\"@type\":\"WebPage\",\"@id\":\"https:\/\/www.gekasmetal.gr\/wme\/fahrbare-abfallbehalter-aus-metall\/anpassungsmoglichkeiten-fur-fahrbare-abfallbehalter-aus-metall-1100-770-660-l\/?lang=de\",\"url\":\"https:\/\/www.gekasmetal.gr\/wme\/fahrbare-abfallbehalter-aus-metall\/anpassungsmoglichkeiten-fur-fahrbare-abfallbehalter-aus-metall-1100-770-660-l\/?lang=de\",\"name\":\"Anpassungsm\\u00f6glichkeiten f\\u00fcr Metallbeh\\u00e4lter f\\u00fcr Abfall \/ M\\u00fcll \/ Recycling 1100\/770\/660 L\"}}]}]}<\/script>\n<!-- \/ Yoast SEO Premium plugin. -->","_links":{"self":[{"href":"https:\/\/www.gekasmetal.gr\/wme\/wp-json\/wp\/v2\/pages\/6205"}],"collection":[{"href":"https:\/\/www.gekasmetal.gr\/wme\/wp-json\/wp\/v2\/pages"}],"about":[{"href":"https:\/\/www.gekasmetal.gr\/wme\/wp-json\/wp\/v2\/types\/page"}],"author":[{"embeddable":true,"href":"https:\/\/www.gekasmetal.gr\/wme\/wp-json\/wp\/v2\/users\/1"}],"replies":[{"embeddable":true,"href":"https:\/\/www.gekasmetal.gr\/wme\/wp-json\/wp\/v2\/comments?post=6205"}],"version-history":[{"count":0,"href":"https:\/\/www.gekasmetal.gr\/wme\/wp-json\/wp\/v2\/pages\/6205\/revisions"}],"up":[{"embeddable":true,"href":"https:\/\/www.gekasmetal.gr\/wme\/wp-json\/wp\/v2\/pages\/6095"}],"wp:attachment":[{"href":"https:\/\/www.gekasmetal.gr\/wme\/wp-json\/wp\/v2\/media?parent=6205"}],"curies":[{"name":"wp","href":"https:\/\/api.w.org\/{rel}","templated":true}]}}